{"id":417,"date":"2021-09-19T09:01:07","date_gmt":"2021-09-19T09:01:07","guid":{"rendered":"http:\/\/www.gralu.club\/?page_id=417"},"modified":"2021-09-19T09:01:07","modified_gmt":"2021-09-19T09:01:07","slug":"cookie-policy","status":"publish","type":"page","link":"https:\/\/www.gralu.club\/?page_id=417","title":{"rendered":"Cookie Policy"},"content":{"rendered":"<div class=\"cli_pg_page_contaner\">\n<h3>Informazioni su questa cookie policy<\/h3>\n<div>\n<p>Questa politica sui cookie spiega cosa sono i cookie e come li utilizziamo, i tipi di cookie che utilizziamo, ovvero le informazioni che raccogliamo utilizzando i cookie e come tali informazioni vengono utilizzate e come controllare le preferenze dei cookie. Per ulteriori informazioni su come utilizziamo, archiviamo e proteggiamo i tuoi dati personali, consulta la nostra<a href=\"https:\/\/www.ippicalascuderia.it\/privacy-policy\/\"> Informativa sulla privacy.<\/a><\/p>\n<p>Puoi in qualsiasi momento modificare o revocare il tuo consenso dalla Dichiarazione sui cookie sul nostro sito web<br \/>\nScopri di pi\u00f9 su chi siamo, come puoi contattarci e come trattiamo i dati personali nella nostra Informativa sulla privacy.<br \/>\nIl suo consenso si applica ai seguenti siti web: www.gralu.club<\/p>\n<div class=\"cli_user_consent_state\">Il tuo stato attuale: Non \u00e8 stato concesso alcun consenso. <a class=\"cli_manage_current_consent\" style=\"cursor:pointer;text-decoration:underline;\">Gestisci il tuo consenso.<\/a> <\/div>\n<\/div>\n<h3>Cosa sono i cookies ?<\/h3>\n<div>I cookie sono piccoli file di testo che vengono utilizzati per memorizzare piccole informazioni. Vengono memorizzati sul tuo dispositivo quando il sito web viene caricato sul tuo browser. Questi cookie ci aiutano a far funzionare correttamente il sito web, a renderlo pi\u00f9 sicuro, a fornire una migliore esperienza utente e a capire come funziona il sito web e ad analizzare cosa funziona e dove deve essere migliorato.<\/div>\n<h3>Come utilizziamo i cookie?<\/h3>\n<div>\n<p>Come la maggior parte dei servizi online, il nostro sito web utilizza cookie proprietari e di terze parti per diversi scopi. I cookie proprietari sono per lo pi\u00f9 necessari affinch\u00e9 il sito web funzioni nel modo giusto e non raccolgono nessuno dei tuoi dati personali identificabili.<\/p>\n<p>I cookie di terze parti utilizzati sul nostro sito web servono principalmente per capire come funziona il sito web, come interagisci con il nostro sito web, mantenere i nostri servizi sicuri, fornirti una navigazione per migliore e contribuire ad accelerare le future interazioni con il nostro sito web.<\/p>\n<\/div>\n<h3>Che tipi di cookie utilizziamo ?<\/h3>\n<div>\n<p>Essenziali: alcuni cookie sono essenziali per poter sperimentare la piena funzionalit\u00e0 del nostro sito. Ci consentono di mantenere le sessioni utente e prevenire eventuali minacce alla sicurezza. Non raccolgono n\u00e9 memorizzano alcuna informazione personale.<\/p>\n<p>Statistiche: questi cookie memorizzano informazioni come il numero di visitatori del sito web, il numero di visitatori unici, quali pagine del sito web sono state visitate, l&#8217;origine della visita, ecc. Questi dati ci aiutano a capire e analizzare il rendimento del sito web e dove necessita di miglioramento.<\/p>\n<p>Funzionale: Questi sono i cookie che aiutano alcune funzionalit\u00e0 non essenziali sul nostro sito web. Queste funzionalit\u00e0 includono l&#8217;incorporamento di contenuti come media o la condivisione di contenuti del sito Web su piattaforme di social media.<\/p>\n<p>Preferenze: questi cookie ci aiutano a memorizzare le tue impostazioni e preferenze di navigazione come le preferenze della lingua in modo da avere un&#8217;esperienza migliore ed efficiente nelle future visite al sito web.<br \/>\n<p>L&#039;elenco seguente descrive in dettaglio i cookie utilizzati nel nostro sito web.<\/p><table class=\"cookielawinfo-row-cat-table cookielawinfo-classic\"><thead><tr><th class=\"cookielawinfo-column-1\">Cookie<\/th><th class=\"cookielawinfo-column-4\">Descrizione<\/th><\/tr><\/thead><tbody><tr class=\"cookielawinfo-row\"><td class=\"cookielawinfo-column-1\">cookielawinfo-checbox-analytics<\/td><td class=\"cookielawinfo-column-4\"><pre id=\"tw-target-text\" class=\"tw-data-text tw-text-large XcVN5d tw-ta\" data-placeholder=\"Traduzione\"><span lang=\"it\">Questo cookie \u00e8 impostato dal plug-in GDPR per il consenso sui cookie. Il cookie viene utilizzato per memorizzare il consenso dell'utente per i cookie nella categoria \"Analytics\".<\/span><\/pre><\/td><\/tr><tr class=\"cookielawinfo-row\"><td class=\"cookielawinfo-column-1\">cookielawinfo-checkbox-functional<\/td><td class=\"cookielawinfo-column-4\">Il cookie \u00e8 impostato dal consenso cookie GDPR per registrare il consenso dell'utente per i cookie nella categoria \"Funzionale\".<\/td><\/tr><tr class=\"cookielawinfo-row\"><td class=\"cookielawinfo-column-1\">cookielawinfo-checkbox-necessary<\/td><td class=\"cookielawinfo-column-4\">Questo cookie \u00e8 impostato dal plug-in GDPR per il consenso sui cookie. Il cookie viene utilizzato per memorizzare il consenso dell'utente per i cookie nella categoria \"Necessario\".<\/td><\/tr><tr class=\"cookielawinfo-row\"><td class=\"cookielawinfo-column-1\">cookielawinfo-checkbox-performance<\/td><td class=\"cookielawinfo-column-4\">Questo cookie \u00e8 impostato dal plug-in GDPR per il consenso sui cookie. Il cookie viene utilizzato per memorizzare il consenso dell'utente per i cookie nella categoria \"Prestazioni\".<\/td><\/tr><tr class=\"cookielawinfo-row\"><td class=\"cookielawinfo-column-1\">viewed_cookie_policy<\/td><td class=\"cookielawinfo-column-4\"><pre id=\"tw-target-text\" class=\"tw-data-text tw-text-large XcVN5d tw-ta\" data-placeholder=\"Traduzione\"><span lang=\"it\">Il cookie \u00e8 impostato dal plug-in GDPR Cookie Consent e viene utilizzato per memorizzare se l'utente ha acconsentito o meno all'uso dei cookie. \r\nNon memorizza alcun dato personale.<\/span><\/pre><\/td><\/tr><\/tbody><\/table><\/p>\n<\/div>\n<h3>Come posso controllare le preferenze sui cookie ?<\/h3>\n<div>\n<p>Se decidi di modificare le tue preferenze in un secondo momento durante la sessione di navigazione, puoi fare clic sulla scheda &#8220;Privacy e Cookie Policy&#8221; sullo schermo. Ci\u00f2 visualizzer\u00e0 nuovamente l&#8217;avviso di consenso che ti consentir\u00e0 di modificare le tue preferenze o ritirare completamente il tuo consenso.<\/p>\n<p>Oltre a ci\u00f2, diversi browser forniscono diversi metodi per bloccare ed eliminare i cookie utilizzati dai siti web. Puoi modificare le impostazioni del tuo browser per bloccare \/ eliminare i cookie. Per saperne di pi\u00f9 su come gestire ed eliminare i cookie, visitare wikipedia.org, www.allaboutcookies.org.<\/p>\n<\/div>\n<\/div>\n","protected":false},"excerpt":{"rendered":"<p>Informazioni su questa cookie policy Questa politica sui cookie spiega cosa sono i cookie e come li utilizziamo, i tipi di cookie che utilizziamo, ovvero le informazioni che raccogliamo utilizzando i cookie e come tali informazioni vengono utilizzate e come controllare le preferenze dei cookie. Per ulteriori informazioni su come utilizziamo, archiviamo e proteggiamo i &hellip; <a href=\"https:\/\/www.gralu.club\/?page_id=417\" class=\"more-link\">Continua la lettura di <span class=\"screen-reader-text\">Cookie Policy<\/span> <span class=\"meta-nav\">&rarr;<\/span><\/a><\/p>\n","protected":false},"author":1,"featured_media":0,"parent":0,"menu_order":0,"comment_status":"closed","ping_status":"closed","template":"","meta":[],"_links":{"self":[{"href":"https:\/\/www.gralu.club\/index.php?rest_route=\/wp\/v2\/pages\/417"}],"collection":[{"href":"https:\/\/www.gralu.club\/index.php?rest_route=\/wp\/v2\/pages"}],"about":[{"href":"https:\/\/www.gralu.club\/index.php?rest_route=\/wp\/v2\/types\/page"}],"author":[{"embeddable":true,"href":"https:\/\/www.gralu.club\/index.php?rest_route=\/wp\/v2\/users\/1"}],"replies":[{"embeddable":true,"href":"https:\/\/www.gralu.club\/index.php?rest_route=%2Fwp%2Fv2%2Fcomments&post=417"}],"version-history":[{"count":1,"href":"https:\/\/www.gralu.club\/index.php?rest_route=\/wp\/v2\/pages\/417\/revisions"}],"predecessor-version":[{"id":421,"href":"https:\/\/www.gralu.club\/index.php?rest_route=\/wp\/v2\/pages\/417\/revisions\/421"}],"wp:attachment":[{"href":"https:\/\/www.gralu.club\/index.php?rest_route=%2Fwp%2Fv2%2Fmedia&parent=417"}],"curies":[{"name":"wp","href":"https:\/\/api.w.org\/{rel}","templated":true}]}}