{"id":54,"date":"2015-02-04T09:35:27","date_gmt":"2015-02-04T09:35:27","guid":{"rendered":"http:\/\/www.gralu.club\/?page_id=54"},"modified":"2015-10-09T08:38:15","modified_gmt":"2015-10-09T08:38:15","slug":"avventura","status":"publish","type":"page","link":"https:\/\/www.gralu.club\/?page_id=54","title":{"rendered":"Avventura"},"content":{"rendered":"<p>&nbsp;<\/p>\n<p><a href=\"http:\/\/www.gralu.club\/wp-content\/uploads\/2015\/02\/Sogg08.jpg\"><img loading=\"lazy\" class=\"alignnone size-full wp-image-79\" src=\"http:\/\/www.gralu.club\/wp-content\/uploads\/2015\/02\/Sogg08.jpg\" alt=\"Sogg08\" width=\"660\" height=\"270\" data-id=\"79\" srcset=\"https:\/\/www.gralu.club\/wp-content\/uploads\/2015\/02\/Sogg08.jpg 660w, https:\/\/www.gralu.club\/wp-content\/uploads\/2015\/02\/Sogg08-300x123.jpg 300w\" sizes=\"(max-width: 660px) 100vw, 660px\" \/><\/a><\/p>\n<blockquote><p><strong><span style=\"font-family: Thread-000034c4-Id-00000134;\">SCEGLIERE IL PERIODO<\/span><\/strong><\/p><\/blockquote>\n<p>Il clima del Kenya varia da una regione all\u2019 altra senza grandi variet\u00e0 essendo sull\u2019 equatore.<\/p>\n<p>Sulla costa la temperatura \u00e8 mite ed \u00e8 soleggiato tutto l&#8217;anno eccezion fatta per i mesi di Maggio, Giugno e met\u00e0 Luglio che rientrano nel periodo della stagione delle piogge(25\u00b0\/30\u00b0).<\/p>\n<p>Agosto \u00e8 comunque considerato un mese di alta stagione nonostante sia pieno inverno.<\/p>\n<p>Sebbene in questo periodo il mare porti a riva alghe, grazie alla nostra piena conoscenza del territorio vi faremo visitare bellissime spiagge incontaminate dalle alghe.<\/p>\n<p>Dal mese di Novembre ad Aprile arriva l\u2019estate(30\u00b0\/40\u00b0 secco), le spiagge tornano ad essere dei bellissimi paradisi terrestri.<\/p>\n<p>(Ricordiamo che Natale e Capodanno sono considerati periodi di\u00a0 alta stagione)<\/p>\n<p><a href=\"http:\/\/www.gralu.club\/wp-content\/uploads\/2015\/02\/Sogg06.jpg\"><img loading=\"lazy\" class=\"alignnone size-full wp-image-66\" src=\"http:\/\/www.gralu.club\/wp-content\/uploads\/2015\/02\/Sogg06.jpg\" alt=\"Sogg06\" width=\"660\" height=\"270\" data-id=\"66\" srcset=\"https:\/\/www.gralu.club\/wp-content\/uploads\/2015\/02\/Sogg06.jpg 660w, https:\/\/www.gralu.club\/wp-content\/uploads\/2015\/02\/Sogg06-300x123.jpg 300w\" sizes=\"(max-width: 660px) 100vw, 660px\" \/><\/a><\/p>\n<blockquote><p><strong><span style=\"font-family: Thread-000034c4-Id-00000134;\">VACCINAZIONI<\/span><\/strong><\/p><\/blockquote>\n<p>Non sono necessarie vaccinazioni particolari, comunque per sicurezza chi lo ritiene opportuno pu\u00f2 rivolgersi al medico di famiglia.<\/p>\n<p>E\u2019 opportuno portare con s\u00e9 autan o spray antizanzare, nonostante questo le nostre camere sono munite di zanzariere e viene continuamente utilizzato un\u2019insetticida come ulteriore precauzione .<\/p>\n<p><a href=\"http:\/\/www.gralu.club\/wp-content\/uploads\/2015\/02\/Sogg09.jpg\"><img loading=\"lazy\" class=\"alignnone size-full wp-image-80\" src=\"http:\/\/www.gralu.club\/wp-content\/uploads\/2015\/02\/Sogg09.jpg\" alt=\"Sogg09\" width=\"660\" height=\"270\" data-id=\"80\" srcset=\"https:\/\/www.gralu.club\/wp-content\/uploads\/2015\/02\/Sogg09.jpg 660w, https:\/\/www.gralu.club\/wp-content\/uploads\/2015\/02\/Sogg09-300x123.jpg 300w\" sizes=\"(max-width: 660px) 100vw, 660px\" \/><\/a><\/p>\n<blockquote><p><strong><span style=\"font-family: Thread-000034c4-Id-00000134;\">ESCURSIONI<\/span><\/strong><\/p><\/blockquote>\n<p>Il Kenia \u00e8 in grado di soddisfare e di emozionare qualsiasi tipo di viaggiatore : dai safari dei parchi naturali dello Tsavo, del Masai Mara e di Amboseli alle coste da sogno di Diani e Watamu, con spiagge bianche e acqua cristallina, passando per i divertimenti e la mondanit\u00e0 di Malindi.<\/p>\n<p>&nbsp;<\/p>\n","protected":false},"excerpt":{"rendered":"<p>&nbsp; SCEGLIERE IL PERIODO Il clima del Kenya varia da una regione all\u2019 altra senza grandi variet\u00e0 essendo sull\u2019 equatore. Sulla costa la temperatura \u00e8 mite ed \u00e8 soleggiato tutto l&#8217;anno eccezion fatta per i mesi di Maggio, Giugno e met\u00e0 Luglio che rientrano nel periodo della stagione delle piogge(25\u00b0\/30\u00b0). Agosto \u00e8 comunque considerato un &hellip; <a href=\"https:\/\/www.gralu.club\/?page_id=54\" class=\"more-link\">Continua la lettura di <span class=\"screen-reader-text\">Avventura<\/span> <span class=\"meta-nav\">&rarr;<\/span><\/a><\/p>\n","protected":false},"author":1,"featured_media":68,"parent":0,"menu_order":0,"comment_status":"closed","ping_status":"closed","template":"","meta":[],"_links":{"self":[{"href":"https:\/\/www.gralu.club\/index.php?rest_route=\/wp\/v2\/pages\/54"}],"collection":[{"href":"https:\/\/www.gralu.club\/index.php?rest_route=\/wp\/v2\/pages"}],"about":[{"href":"https:\/\/www.gralu.club\/index.php?rest_route=\/wp\/v2\/types\/page"}],"author":[{"embeddable":true,"href":"https:\/\/www.gralu.club\/index.php?rest_route=\/wp\/v2\/users\/1"}],"replies":[{"embeddable":true,"href":"https:\/\/www.gralu.club\/index.php?rest_route=%2Fwp%2Fv2%2Fcomments&post=54"}],"version-history":[{"count":9,"href":"https:\/\/www.gralu.club\/index.php?rest_route=\/wp\/v2\/pages\/54\/revisions"}],"predecessor-version":[{"id":94,"href":"https:\/\/www.gralu.club\/index.php?rest_route=\/wp\/v2\/pages\/54\/revisions\/94"}],"wp:featuredmedia":[{"embeddable":true,"href":"https:\/\/www.gralu.club\/index.php?rest_route=\/wp\/v2\/media\/68"}],"wp:attachment":[{"href":"https:\/\/www.gralu.club\/index.php?rest_route=%2Fwp%2Fv2%2Fmedia&parent=54"}],"curies":[{"name":"wp","href":"https:\/\/api.w.org\/{rel}","templated":true}]}}